{"id":657,"date":"2021-05-30T23:08:14","date_gmt":"2021-05-30T21:08:14","guid":{"rendered":"http:\/\/ala-institut.de\/?page_id=657"},"modified":"2022-11-24T11:16:06","modified_gmt":"2022-11-24T10:16:06","slug":"foerderung-koerperlicher-und-mentaler-fitness-bei-aelteren-beschaeftigten","status":"publish","type":"page","link":"http:\/\/ala-institut.de\/?page_id=657","title":{"rendered":"F\u00f6rderung k\u00f6rperlicher und mentaler Fitness bei \u00e4lteren Besch\u00e4ftigten"},"content":{"rendered":"\n<div class=\"wp-block-columns is-layout-flex wp-container-core-columns-is-layout-1 wp-block-columns-is-layout-flex\">\n<div class=\"wp-block-column is-layout-flow wp-block-column-is-layout-flow\" style=\"flex-basis:33.33%\">\n<figure class=\"wp-block-image size-large\"><img loading=\"lazy\" decoding=\"async\" width=\"1024\" height=\"683\" src=\"http:\/\/ala-institut.de\/alawp\/wp-content\/uploads\/2021\/05\/Jung-hilft-alt-1024x683.jpg\" alt=\"\" class=\"wp-image-658\" srcset=\"http:\/\/ala-institut.de\/alawp\/wp-content\/uploads\/2021\/05\/Jung-hilft-alt-1024x683.jpg 1024w, http:\/\/ala-institut.de\/alawp\/wp-content\/uploads\/2021\/05\/Jung-hilft-alt-300x200.jpg 300w, http:\/\/ala-institut.de\/alawp\/wp-content\/uploads\/2021\/05\/Jung-hilft-alt-768x512.jpg 768w, http:\/\/ala-institut.de\/alawp\/wp-content\/uploads\/2021\/05\/Jung-hilft-alt-1536x1024.jpg 1536w, http:\/\/ala-institut.de\/alawp\/wp-content\/uploads\/2021\/05\/Jung-hilft-alt-2048x1365.jpg 2048w, http:\/\/ala-institut.de\/alawp\/wp-content\/uploads\/2021\/05\/Jung-hilft-alt-830x553.jpg 830w, http:\/\/ala-institut.de\/alawp\/wp-content\/uploads\/2021\/05\/Jung-hilft-alt-230x153.jpg 230w, http:\/\/ala-institut.de\/alawp\/wp-content\/uploads\/2021\/05\/Jung-hilft-alt-350x233.jpg 350w, http:\/\/ala-institut.de\/alawp\/wp-content\/uploads\/2021\/05\/Jung-hilft-alt-480x320.jpg 480w\" sizes=\"(max-width: 1024px) 100vw, 1024px\" \/><\/figure>\n<\/div>\n\n\n\n<div class=\"wp-block-column is-layout-flow wp-block-column-is-layout-flow\" style=\"flex-basis:66.66%\">\n<p>K\u00f6rperliche und mentale Fitness ist die zentrale Voraussetzung f\u00fcr gesundes und produktives Arbeiten bis zur Rente.<\/p>\n\n\n\n<p>Das ALA-Institut ber\u00e4t Unternehmen bei personenbezogenen Ma\u00dfnahmen zur F\u00f6rderung k\u00f6rperlicher und mentaler Fitness bei (nicht nur) \u00e4lteren Besch\u00e4ftigten. Zudem unterst\u00fctzt das ALA-Institut die Evaluation solcher Ma\u00dfnahmen, z.B. durch die Erfassung kognitiver F\u00e4higkeiten.<\/p>\n<\/div>\n<\/div>\n","protected":false},"excerpt":{"rendered":"<p>K\u00f6rperliche und mentale Fitness ist die zentrale Voraussetzung f\u00fcr gesundes und produktives Arbeiten bis zur Rente. Das ALA-Institut ber\u00e4t Unternehmen bei personenbezogenen [&hellip;]<\/p>\n","protected":false},"author":1,"featured_media":0,"parent":0,"menu_order":0,"comment_status":"closed","ping_status":"closed","template":"page-templates\/page_fullwidth.php","meta":{"footnotes":""},"aioseo_notices":[],"_links":{"self":[{"href":"http:\/\/ala-institut.de\/index.php?rest_route=\/wp\/v2\/pages\/657"}],"collection":[{"href":"http:\/\/ala-institut.de\/index.php?rest_route=\/wp\/v2\/pages"}],"about":[{"href":"http:\/\/ala-institut.de\/index.php?rest_route=\/wp\/v2\/types\/page"}],"author":[{"embeddable":true,"href":"http:\/\/ala-institut.de\/index.php?rest_route=\/wp\/v2\/users\/1"}],"replies":[{"embeddable":true,"href":"http:\/\/ala-institut.de\/index.php?rest_route=%2Fwp%2Fv2%2Fcomments&post=657"}],"version-history":[{"count":2,"href":"http:\/\/ala-institut.de\/index.php?rest_route=\/wp\/v2\/pages\/657\/revisions"}],"predecessor-version":[{"id":742,"href":"http:\/\/ala-institut.de\/index.php?rest_route=\/wp\/v2\/pages\/657\/revisions\/742"}],"wp:attachment":[{"href":"http:\/\/ala-institut.de\/index.php?rest_route=%2Fwp%2Fv2%2Fmedia&parent=657"}],"curies":[{"name":"wp","href":"https:\/\/api.w.org\/{rel}","templated":true}]}}