{"id":569,"date":"2021-05-15T13:04:00","date_gmt":"2021-05-15T11:04:00","guid":{"rendered":"http:\/\/ala-institut.de\/?page_id=569"},"modified":"2022-11-24T11:15:13","modified_gmt":"2022-11-24T10:15:13","slug":"altersfreundliche-raum-und-produktgestaltung","status":"publish","type":"page","link":"http:\/\/ala-institut.de\/?page_id=569","title":{"rendered":"Altersfreundliche Raum- und Produktgestaltung"},"content":{"rendered":"\n<div class=\"wp-block-columns is-layout-flex wp-container-core-columns-is-layout-1 wp-block-columns-is-layout-flex\">\n<div class=\"wp-block-column is-layout-flow wp-block-column-is-layout-flow\" style=\"flex-basis:33.33%\">\n<figure class=\"wp-block-image size-large\"><img loading=\"lazy\" decoding=\"async\" width=\"864\" height=\"576\" src=\"http:\/\/ala-institut.de\/alawp\/wp-content\/uploads\/2015\/12\/shutterstock_215657839_15p.jpg\" alt=\"\" class=\"wp-image-325\" srcset=\"http:\/\/ala-institut.de\/alawp\/wp-content\/uploads\/2015\/12\/shutterstock_215657839_15p.jpg 864w, http:\/\/ala-institut.de\/alawp\/wp-content\/uploads\/2015\/12\/shutterstock_215657839_15p-300x200.jpg 300w, http:\/\/ala-institut.de\/alawp\/wp-content\/uploads\/2015\/12\/shutterstock_215657839_15p-830x553.jpg 830w, http:\/\/ala-institut.de\/alawp\/wp-content\/uploads\/2015\/12\/shutterstock_215657839_15p-230x153.jpg 230w, http:\/\/ala-institut.de\/alawp\/wp-content\/uploads\/2015\/12\/shutterstock_215657839_15p-350x233.jpg 350w\" sizes=\"(max-width: 864px) 100vw, 864px\" \/><\/figure>\n<\/div>\n\n\n\n<div class=\"wp-block-column is-layout-flow wp-block-column-is-layout-flow\" style=\"flex-basis:66.66%\">\n<p>Infolge der mit zunehmendem Alter auftretenden Ver\u00e4nderungen sollten Wohnungen, St\u00e4dte, Verkehrsr\u00e4ume und Verkehrsmittel altersfreundlich gestaltet werden damit \u00c4ltere sich sicher und stressfrei orientieren und fortbewegen k\u00f6nnen. Hierzu bietet ALA Beratungen f\u00fcr \u00f6ffentliche Verwaltungen, Planer, Architekten an.<\/p>\n\n\n\n<p>Der Schwerpunkt liegt hierbei weniger auf der motorischen Barrierefreiheit, sondern auf der Gestaltung und Beschilderung von Wohn- und Arbeitsr\u00e4umen sowie \u00f6ffentlichen R\u00e4umen wie Einkaufszentren, Bahnh\u00f6fen und Flugh\u00e4fen.<\/p>\n\n\n\n<p>Ebenso ber\u00e4t ALA Firmen und Produktdesigner zur altersfreundlichen Gestaltung von Produkten.<\/p>\n<\/div>\n<\/div>\n","protected":false},"excerpt":{"rendered":"<p>Infolge der mit zunehmendem Alter auftretenden Ver\u00e4nderungen sollten Wohnungen, St\u00e4dte, Verkehrsr\u00e4ume und Verkehrsmittel altersfreundlich gestaltet werden damit \u00c4ltere sich sicher und stressfrei [&hellip;]<\/p>\n","protected":false},"author":1,"featured_media":0,"parent":0,"menu_order":0,"comment_status":"closed","ping_status":"closed","template":"page-templates\/page_fullwidth.php","meta":{"footnotes":""},"aioseo_notices":[],"_links":{"self":[{"href":"http:\/\/ala-institut.de\/index.php?rest_route=\/wp\/v2\/pages\/569"}],"collection":[{"href":"http:\/\/ala-institut.de\/index.php?rest_route=\/wp\/v2\/pages"}],"about":[{"href":"http:\/\/ala-institut.de\/index.php?rest_route=\/wp\/v2\/types\/page"}],"author":[{"embeddable":true,"href":"http:\/\/ala-institut.de\/index.php?rest_route=\/wp\/v2\/users\/1"}],"replies":[{"embeddable":true,"href":"http:\/\/ala-institut.de\/index.php?rest_route=%2Fwp%2Fv2%2Fcomments&post=569"}],"version-history":[{"count":2,"href":"http:\/\/ala-institut.de\/index.php?rest_route=\/wp\/v2\/pages\/569\/revisions"}],"predecessor-version":[{"id":739,"href":"http:\/\/ala-institut.de\/index.php?rest_route=\/wp\/v2\/pages\/569\/revisions\/739"}],"wp:attachment":[{"href":"http:\/\/ala-institut.de\/index.php?rest_route=%2Fwp%2Fv2%2Fmedia&parent=569"}],"curies":[{"name":"wp","href":"https:\/\/api.w.org\/{rel}","templated":true}]}}