{"id":565,"date":"2021-05-15T13:02:22","date_gmt":"2021-05-15T11:02:22","guid":{"rendered":"http:\/\/ala-institut.de\/?page_id=565"},"modified":"2021-05-31T16:12:19","modified_gmt":"2021-05-31T14:12:19","slug":"mentale-faehigkeiten-im-alter-und-bei-alterserkrankungen","status":"publish","type":"page","link":"http:\/\/ala-institut.de\/?page_id=565","title":{"rendered":"Mentale F\u00e4higkeiten im Alter und bei Alterserkrankungen"},"content":{"rendered":"\n<div class=\"wp-block-columns is-layout-flex wp-container-core-columns-is-layout-1 wp-block-columns-is-layout-flex\">\n<div class=\"wp-block-column is-layout-flow wp-block-column-is-layout-flow\" style=\"flex-basis:33.33%\">\n<figure class=\"wp-block-image size-large\"><a href=\"http:\/\/ala-institut.de\/alawp\/wp-content\/uploads\/2015\/12\/shutterstock_128291096_15p.jpg\"><img loading=\"lazy\" decoding=\"async\" width=\"842\" height=\"562\" src=\"http:\/\/ala-institut.de\/alawp\/wp-content\/uploads\/2015\/12\/shutterstock_128291096_15p.jpg\" alt=\"\" class=\"wp-image-320\" srcset=\"http:\/\/ala-institut.de\/alawp\/wp-content\/uploads\/2015\/12\/shutterstock_128291096_15p.jpg 842w, http:\/\/ala-institut.de\/alawp\/wp-content\/uploads\/2015\/12\/shutterstock_128291096_15p-300x200.jpg 300w, http:\/\/ala-institut.de\/alawp\/wp-content\/uploads\/2015\/12\/shutterstock_128291096_15p-830x554.jpg 830w, http:\/\/ala-institut.de\/alawp\/wp-content\/uploads\/2015\/12\/shutterstock_128291096_15p-230x154.jpg 230w, http:\/\/ala-institut.de\/alawp\/wp-content\/uploads\/2015\/12\/shutterstock_128291096_15p-350x234.jpg 350w\" sizes=\"(max-width: 842px) 100vw, 842px\" \/><\/a><\/figure>\n<\/div>\n\n\n\n<div class=\"wp-block-column is-layout-flow wp-block-column-is-layout-flow\" style=\"flex-basis:66.66%\">\n<p>Mentale (kognitive) Funktionen ver\u00e4ndert sich mit zunehmendem Alter und bei manchen Erkrankungen. Das ALA-Institut ber\u00e4t \u00f6ffentliche Einrichtungen wie z.B. Kliniken zur Computer-basierten Erfassung kognitiver Funktionen bei verschiedenen Patientengruppen (z.B. geriatrische und schwerh\u00f6rige Patienten) und organisiert die Messung mit Hilfe von Notebooks und unterst\u00fctzt bei der Auswertung.<\/p>\n\n\n\n<p>Des Weiteren ber\u00e4t das ALA-Institut Einrichtungen zu Ma\u00dfnahmen der F\u00f6rderung der mentalen Kompetenz, insbesondere ein f\u00fcr unterschiedliche Gruppen ma\u00dfgeschneidertes kognitives Training. Hierzu bietet das ALA-Institut Fortbildungen zum Thema mentale Leistungsf\u00e4higkeit im Alter und ihre F\u00f6rderung. Adressaten sind z. B. Volkshochschulen, Seniorenbegegnungsst\u00e4tten und Seniorenheime.<\/p>\n<\/div>\n<\/div>\n","protected":false},"excerpt":{"rendered":"<p>Mentale (kognitive) Funktionen ver\u00e4ndert sich mit zunehmendem Alter und bei manchen Erkrankungen. Das ALA-Institut ber\u00e4t \u00f6ffentliche Einrichtungen wie z.B. Kliniken zur Computer-basierten [&hellip;]<\/p>\n","protected":false},"author":1,"featured_media":0,"parent":0,"menu_order":0,"comment_status":"closed","ping_status":"closed","template":"page-templates\/page_fullwidth.php","meta":{"footnotes":""},"aioseo_notices":[],"_links":{"self":[{"href":"http:\/\/ala-institut.de\/index.php?rest_route=\/wp\/v2\/pages\/565"}],"collection":[{"href":"http:\/\/ala-institut.de\/index.php?rest_route=\/wp\/v2\/pages"}],"about":[{"href":"http:\/\/ala-institut.de\/index.php?rest_route=\/wp\/v2\/types\/page"}],"author":[{"embeddable":true,"href":"http:\/\/ala-institut.de\/index.php?rest_route=\/wp\/v2\/users\/1"}],"replies":[{"embeddable":true,"href":"http:\/\/ala-institut.de\/index.php?rest_route=%2Fwp%2Fv2%2Fcomments&post=565"}],"version-history":[{"count":2,"href":"http:\/\/ala-institut.de\/index.php?rest_route=\/wp\/v2\/pages\/565\/revisions"}],"predecessor-version":[{"id":698,"href":"http:\/\/ala-institut.de\/index.php?rest_route=\/wp\/v2\/pages\/565\/revisions\/698"}],"wp:attachment":[{"href":"http:\/\/ala-institut.de\/index.php?rest_route=%2Fwp%2Fv2%2Fmedia&parent=565"}],"curies":[{"name":"wp","href":"https:\/\/api.w.org\/{rel}","templated":true}]}}