{"id":561,"date":"2021-05-15T13:00:24","date_gmt":"2021-05-15T11:00:24","guid":{"rendered":"http:\/\/ala-institut.de\/?page_id=561"},"modified":"2021-05-30T23:55:18","modified_gmt":"2021-05-30T21:55:18","slug":"lernen-und-fortbildung-bei-aelteren-beschaeftigten","status":"publish","type":"page","link":"http:\/\/ala-institut.de\/?page_id=561","title":{"rendered":"Lernen und Fortbildung bei \u00e4lteren Besch\u00e4ftigten"},"content":{"rendered":"\n<div class=\"wp-block-columns is-layout-flex wp-container-core-columns-is-layout-1 wp-block-columns-is-layout-flex\">\n<div class=\"wp-block-column is-layout-flow wp-block-column-is-layout-flow\" style=\"flex-basis:33.33%\">\n<figure class=\"wp-block-image size-large\"><a href=\"http:\/\/ala-institut.de\/alawp\/wp-content\/uploads\/2015\/12\/shutterstock_216583876_15p.jpg\"><img loading=\"lazy\" decoding=\"async\" width=\"764\" height=\"499\" src=\"http:\/\/ala-institut.de\/alawp\/wp-content\/uploads\/2015\/12\/shutterstock_216583876_15p.jpg\" alt=\"\" class=\"wp-image-326\" srcset=\"http:\/\/ala-institut.de\/alawp\/wp-content\/uploads\/2015\/12\/shutterstock_216583876_15p.jpg 764w, http:\/\/ala-institut.de\/alawp\/wp-content\/uploads\/2015\/12\/shutterstock_216583876_15p-300x196.jpg 300w, http:\/\/ala-institut.de\/alawp\/wp-content\/uploads\/2015\/12\/shutterstock_216583876_15p-230x150.jpg 230w, http:\/\/ala-institut.de\/alawp\/wp-content\/uploads\/2015\/12\/shutterstock_216583876_15p-350x229.jpg 350w\" sizes=\"(max-width: 764px) 100vw, 764px\" \/><\/a><\/figure>\n<\/div>\n\n\n\n<div class=\"wp-block-column is-layout-flow wp-block-column-is-layout-flow\" style=\"flex-basis:66.66%\">\n<p>\u00c4ltere lernen insgesamt nicht schlechter als J\u00fcngere, jedoch anders. Allerdings sind manche \u00e4ltere Besch\u00e4ftigte lernentw\u00f6hnt. Um ein optimales Lernen zu gew\u00e4hrleisten, ben\u00f6tigen \u00e4ltere Besch\u00e4ftigte bestimmte Formate von Lernmaterial und Lernumgebung.<\/p>\n\n\n\n<p>Das ALA-Institut ber\u00e4t Unternehmen zur Gestaltung von altersfreundlichen Lern- und Fortbildungsbedingungen, die auch j\u00fcngeren Besch\u00e4ftigten n\u00fctzen.<\/p>\n<\/div>\n<\/div>\n","protected":false},"excerpt":{"rendered":"<p>\u00c4ltere lernen insgesamt nicht schlechter als J\u00fcngere, jedoch anders. Allerdings sind manche \u00e4ltere Besch\u00e4ftigte lernentw\u00f6hnt. Um ein optimales Lernen zu gew\u00e4hrleisten, ben\u00f6tigen [&hellip;]<\/p>\n","protected":false},"author":1,"featured_media":0,"parent":0,"menu_order":0,"comment_status":"closed","ping_status":"closed","template":"page-templates\/page_fullwidth.php","meta":{"footnotes":""},"aioseo_notices":[],"_links":{"self":[{"href":"http:\/\/ala-institut.de\/index.php?rest_route=\/wp\/v2\/pages\/561"}],"collection":[{"href":"http:\/\/ala-institut.de\/index.php?rest_route=\/wp\/v2\/pages"}],"about":[{"href":"http:\/\/ala-institut.de\/index.php?rest_route=\/wp\/v2\/types\/page"}],"author":[{"embeddable":true,"href":"http:\/\/ala-institut.de\/index.php?rest_route=\/wp\/v2\/users\/1"}],"replies":[{"embeddable":true,"href":"http:\/\/ala-institut.de\/index.php?rest_route=%2Fwp%2Fv2%2Fcomments&post=561"}],"version-history":[{"count":1,"href":"http:\/\/ala-institut.de\/index.php?rest_route=\/wp\/v2\/pages\/561\/revisions"}],"predecessor-version":[{"id":562,"href":"http:\/\/ala-institut.de\/index.php?rest_route=\/wp\/v2\/pages\/561\/revisions\/562"}],"wp:attachment":[{"href":"http:\/\/ala-institut.de\/index.php?rest_route=%2Fwp%2Fv2%2Fmedia&parent=561"}],"curies":[{"name":"wp","href":"https:\/\/api.w.org\/{rel}","templated":true}]}}